{"id":11644,"date":"2016-02-07T10:03:22","date_gmt":"2016-02-07T10:03:22","guid":{"rendered":"https:\/\/vivajobs.net\/viva-la-vida\/"},"modified":"2024-07-25T16:38:16","modified_gmt":"2024-07-25T20:38:16","slug":"onlife","status":"publish","type":"page","link":"https:\/\/vivajobs.net\/es\/onlife\/","title":{"rendered":"Viva la vida"},"content":{"rendered":"<div class=\"wpb-content-wrapper\"><p>[vc_row full_width=\u00bbstretch_row\u00bb gap=\u00bb20&#8243; css_animation=\u00bbnone\u00bb css=\u00bb.vc_custom_1682276087610{margin-top: 50px !important;}\u00bb][vc_column width=\u00bb1\/4&#8243;][vc_single_image image=\u00bb11427&#8243; img_size=\u00bbfull\u00bb style=\u00bbvc_box_circle_2&#8243;][\/vc_column][vc_column width=\u00bb3\/4&#8243;][vc_custom_heading text=\u00bbViva #OnLife\u00bb font_container=\u00bbtag:h4|font_size:40|text_align:left|color:%23b2b2b2|line_height:2&#8243; google_fonts=\u00bbfont_family:Oswald%3A300%2Cregular%2C700|font_style:400%20regular%3A400%3Anormal\u00bb][vc_column_text 0=\u00bb\u00bb css=\u00bb\u00bb]Como parte de la pasi\u00f3n por la vida de Viva Resorts by Wyndham , se esfuerza por proteger todos los entornos y culturas circundantes aplicando programas ecol\u00f3gicos respetuosos con el medio ambiente.<\/p>\n<p>El programa #OnLife est\u00e1 impulsado por la perspectiva de un futuro m\u00e1s verde y brillante, para todos nosotros. En Viva Resorts by\u00a0 Wyndham nos preocupamos por operar de forma sostenible desde el punto de vista econ\u00f3mico, social y medioambiental. Como parte del sector tur\u00edstico, el turismo responsable es uno de nuestros valores centrales y trabajamos para alcanzar nuestra visi\u00f3n a trav\u00e9s de una serie de acciones. Entre ellas, la promesa de utilizar fuentes de energ\u00eda renovables, la implantaci\u00f3n de pr\u00e1cticas m\u00e1s ecol\u00f3gicas en nuestras operaciones y el apoyo a las comunidades locales, todo ello con la esperanza de que, a trav\u00e9s de ellas, podamos crear un mundo m\u00e1s sano y feliz.[\/vc_column_text][vc_empty_space][\/vc_column][\/vc_row][vc_row full_width=\u00bbstretch_row\u00bb gap=\u00bb25&#8243; css=\u00bb.vc_custom_1670853333486{margin-bottom: 50px !important;}\u00bb][vc_column][vc_custom_heading text=\u00bbLa fundaci\u00f3n de la empresa incorpora el turismo responsable como uno de sus pilares; abarca tres grandes m\u00e1stiles:\u00bb font_container=\u00bbtag:h4|font_size:20|text_align:center|color:%23a5a5a5&#8243; google_fonts=\u00bbfont_family:Oswald%3A300%2Cregular%2C700|font_style:400%20regular%3A400%3Anormal\u00bb][\/vc_column][vc_column width=\u00bb1\/5&#8243;][\/vc_column][vc_column width=\u00bb1\/5&#8243; css=\u00bb.vc_custom_1661885772574{padding-top: 45px !important;padding-right: 5px !important;padding-bottom: 45px !important;padding-left: 5px !important;background-color: #17c4d1 !important;border-radius: 35px !important;}\u00bb][vc_column_text 0=\u00bb\u00bb]<\/p>\n<h4 style=\"text-align: center;\"><span style=\"color: #ffffff;\">Medio ambiente<\/span><\/h4>\n<p>[\/vc_column_text][\/vc_column][vc_column width=\u00bb1\/5&#8243; css=\u00bb.vc_custom_1661885766624{padding-top: 45px !important;padding-right: 5px !important;padding-bottom: 45px !important;padding-left: 5px !important;background-color: #ef8d37 !important;border-radius: 35px !important;}\u00bb][vc_column_text 0=\u00bb\u00bb]<\/p>\n<h4 style=\"text-align: center;\"><span style=\"color: #ffffff;\">Educaci\u00f3n y salud <\/span><\/h4>\n<p>[\/vc_column_text][\/vc_column][vc_column width=\u00bb1\/5&#8243; css=\u00bb.vc_custom_1661885809157{padding-top: 30px !important;padding-right: 5px !important;padding-bottom: 30px !important;padding-left: 5px !important;background-color: #bababa !important;border-radius: 35px !important;}\u00bb][vc_column_text 0=\u00bb\u00bb]<\/p>\n<h4 style=\"text-align: center;\"><span style=\"color: #ffffff;\">Apoyo a las comunidades locales<\/span><\/h4>\n<p>[\/vc_column_text][\/vc_column][vc_column width=\u00bb1\/5&#8243;][\/vc_column][\/vc_row][vc_row full_width=\u00bbstretch_row\u00bb parallax=\u00bbcontent-moving\u00bb parallax_image=\u00bb11432&#8243; css_animation=\u00bbnone\u00bb css=\u00bb.vc_custom_1682275251351{padding-top: 300px !important;padding-bottom: 300px !important;background: #f5f5ed url(http:\/\/vivajobs.net\/wp-content\/uploads\/2023\/04\/Planta-solar-instalada-en-el-hotel-Viva-Wyndham-V-Samana.jpeg?id=11432);background-position: 0 0;background-repeat: no-repeat !important;}\u00bb][vc_column 0=\u00bb\u00bb][vc_custom_heading text=\u00bbMedio ambiente\u00bb font_container=\u00bbtag:h4|font_size:60|text_align:center|color:%23ffffff\u00bb google_fonts=\u00bbfont_family:Oswald%3A300%2Cregular%2C700|font_style:400%20regular%3A400%3Anormal\u00bb][vc_empty_space][vc_column_text 0=\u00bb\u00bb css=\u00bb\u00bb]<\/p>\n<p style=\"text-align: center;\"><span style=\"color: #ffffff;\">Viva ha sido pionera en el sector hotelero de la Rep\u00fablica Dominicana, al instalar plantas fotovoltaicas en Viva V Saman\u00e1 by Wyndham , generando m\u00e1s del 68% de su energ\u00eda, alcanzando r\u00e9cord de producci\u00f3n de energ\u00eda limpia y reduciendo notablemente la emisi\u00f3n de gases C02 que contribuyen al calentamiento global.<br \/>\nEste trampol\u00edn se ha extendido a otros complejos de la cartera de la empresa en la RD, superando la marca de los 2MM de kilovatios de energ\u00eda solar.<br \/>\n<\/span><\/p>\n<p>[\/vc_column_text][\/vc_column][\/vc_row][vc_row full_width=\u00bbstretch_row\u00bb parallax=\u00bbcontent-moving\u00bb css=\u00bb.vc_custom_1613146306385{margin-bottom: -1px !important;padding-top: 35px !important;padding-bottom: 45px !important;background-color: #15bfbf !important;}\u00bb][vc_column][vc_custom_heading text=\u00bbOtros esfuerzos:\u00bb font_container=\u00bbtag:h3|font_size:45|text_align:center|color:%23ffffff\u00bb google_fonts=\u00bbfont_family:Oswald%3A300%2Cregular%2C700|font_style:400%20regular%3A400%3Anormal\u00bb][vc_empty_space][vc_column_text 0=\u00bb\u00bb css=\u00bb\u00bb]<\/p>\n<ul>\n<li><span style=\"color: #ffffff;\">Paneles solares para calentar agua en los complejos tur\u00edsticos de la Rep\u00fablica Dominicana y las Bahamas.<\/span><\/li>\n<li><span style=\"color: #ffffff;\">Viva Dominicus Beach &amp; Palace by Wyndham son las primeras propiedades del pa\u00eds que utilizan gas natural para sus cocinas, calderas y secadoras de ropa, como forma de reducir las emisiones de CO2 al medio ambiente.<\/span><\/li>\n<li><span style=\"color: #ffffff;\">Eliminaci\u00f3n de las pajitas de pl\u00e1stico en todas las propiedades.<\/span><\/li>\n<li><span style=\"color: #ffffff;\">Reducci\u00f3n del pl\u00e1stico de un solo uso en los 8 complejos.<\/span><\/li>\n<li><span style=\"color: #ffffff;\">Colaboraci\u00f3n con la Universidad de Indiana para apoyar investigaciones medioambientales y oce\u00e1nicas en Bayahibe, La Romana.<\/span><\/li>\n<li><span style=\"color: #ffffff;\">Instalaci\u00f3n y mantenimiento de viveros de arrecifes de coral en Bayahibe, La Romana, que sirven de componente vital para la conservaci\u00f3n marina.<\/span><\/li>\n<li><span style=\"color: #ffffff;\">Actividades de limpieza de playas y reforestaci\u00f3n en todos los destinos.<\/span><\/li>\n<li><span style=\"color: #ffffff;\">Instalaci\u00f3n de plantas de tratamiento de aguas residuales.<\/span><\/li>\n<li><span style=\"color: #ffffff;\">Clasificaci\u00f3n y reciclado de residuos.<\/span><\/li>\n<\/ul>\n<p>[\/vc_column_text][vc_empty_space][\/vc_column][\/vc_row][vc_row full_width=\u00bbstretch_row\u00bb css=\u00bb.vc_custom_1670853296149{padding-bottom: 50px !important;background-color: #f7f7f7 !important;}\u00bb][vc_column][vc_empty_space][vc_column_text css=\u00bb\u00bb]Viva Resorts by Wyndham participa activamente en la Asociaci\u00f3n Hotelera de La Romana Bayahibe. Entre los logros m\u00e1s importantes cabe destacar la obtenci\u00f3n de la certificaci\u00f3n Bandera Azul para Viva Dominicus Beach by Wyndham , la primera playa del Caribe en recibir este galard\u00f3n; la construcci\u00f3n del poblado de Padre Nuestro, infraestructuras y centro comunitario; la reubicaci\u00f3n y alojamiento de 265 familias que se hab\u00edan asentado en la zona y que estaban contaminando los acu\u00edferos que abastecen de agua al poblado de Bayahibe y a la zona hotelera; la obtenci\u00f3n de una declaraci\u00f3n de \u00c1rea Protegida bajo el cuidado de la Asociaci\u00f3n; la construcci\u00f3n y patrocinio de la Escuela P\u00fablica de Bayahibe.[\/vc_column_text][vc_empty_space][vc_media_grid item=\u00bbmediaGrid_SimpleOverlay\u00bb grid_id=\u00bbvc_gid:1721939608772-f321e2fc-6ce5-0&#8243; include=\u00bb11440,11441,11442&#8243;][\/vc_column][\/vc_row][vc_row full_width=\u00bbstretch_row\u00bb parallax=\u00bbcontent-moving\u00bb parallax_image=\u00bb11438&#8243; css=\u00bb.vc_custom_1682275597296{padding-top: 300px !important;padding-bottom: 300px !important;background-color: #f5f5ed !important;}\u00bb][vc_column 0=\u00bb\u00bb][vc_custom_heading text=\u00bbEducaci\u00f3n y Salud\u00bb font_container=\u00bbtag:h4|font_size:60|text_align:center|color:%23ffffff|line_height:1&#8243; google_fonts=\u00bbfont_family:Oswald%3A300%2Cregular%2C700|font_style:400%20regular%3A400%3Anormal\u00bb][vc_empty_space][vc_column_text 0=\u00bb\u00bb css=\u00bb\u00bb]<\/p>\n<p style=\"text-align: center;\"><span style=\"color: #ffffff;\">Viva Resorts by Wyndham busca contribuir en la soluci\u00f3n de problemas de Educaci\u00f3n y Salud, desarrollando futuros profesionales en comunidades cercanas donde una mano amiga es necesaria para consolidar el progreso a largo plazo.<br \/>\n<\/span><\/p>\n<p>[\/vc_column_text][\/vc_column][\/vc_row][vc_row full_width=\u00bbstretch_row\u00bb parallax=\u00bbcontent-moving\u00bb css=\u00bb.vc_custom_1613153083361{margin-bottom: -1px !important;padding-top: 35px !important;padding-bottom: 45px !important;background-color: #ef8d37 !important;}\u00bb][vc_column][vc_custom_heading text=\u00bbPrincipales compromisos:\u00bb font_container=\u00bbtag:h3|font_size:45|text_align:center|color:%23ffffff\u00bb google_fonts=\u00bbfont_family:Oswald%3A300%2Cregular%2C700|font_style:400%20regular%3A400%3Anormal\u00bb][vc_empty_space][vc_column_text 0=\u00bb\u00bb css=\u00bb\u00bb]<span style=\"color: #ffffff;\">&#8211; Apadrinamiento de la Fundaci\u00f3n Viva de Colores, ubicada en el municipio de Villa Hermosa, en La Romana- Rep\u00fablica Dominicana, iniciada en 2014 como escuela primaria para ni\u00f1os de 4 a 10 a\u00f1os. Hasta la fecha han asistido m\u00e1s de 400 estudiantes.<\/span><br \/>\n<span style=\"color: #ffffff;\">&#8211; Asociaci\u00f3n con el programa de Protecci\u00f3n de UNICEF, que trabaja para promover la prevenci\u00f3n y persecuci\u00f3n de la violencia y todo tipo de explotaci\u00f3n y apoya a los adolescentes v\u00edctimas de estos delitos. Viva Resorts by Wyndham educa a su personal a la vez que crea embajadores dentro de las comunidades del personal.<\/span><br \/>\n<span style=\"color: #ffffff;\">&#8211; Coordinaci\u00f3n de actividades m\u00e9dicas para el personal del hotel.<\/span><br \/>\n<span style=\"color: #ffffff;\">&#8211; Apoyo a hospitales locales, orfanatos y residencias de ancianos en la comunidad de Bayahibe, La Romana.<\/span><br \/>\n<span style=\"color: #ffffff;\">&#8211; Colaboraci\u00f3n con la Asociaci\u00f3n Dominicana de Rehabilitaci\u00f3n, una organizaci\u00f3n sin \u00e1nimo de lucro, que proporciona rehabilitaci\u00f3n integral a personas con retos f\u00edsicos e intelectuales.<\/span><br \/>\n<span style=\"color: #ffffff;\">&#8211; Viva ha patrocinado m\u00faltiples programas, junto con INFOTEP, la formaci\u00f3n de colaboradores, as\u00ed como Programas de Postgrado en universidades locales e internacionales.<\/span>[\/vc_column_text][vc_empty_space][\/vc_column][\/vc_row][vc_row full_width=\u00bbstretch_row\u00bb parallax=\u00bbcontent-moving\u00bb parallax_image=\u00bb11437&#8243; css=\u00bb.vc_custom_1682275582018{padding-top: 300px !important;padding-bottom: 300px !important;background-color: #f5f5ed !important;}\u00bb][vc_column 0=\u00bb\u00bb][vc_custom_heading text=\u00bbApoyo a las comunidades locales\u00bb font_container=\u00bbtag:h4|font_size:60|text_align:center|color:%23ffffff|line_height:1&#8243; google_fonts=\u00bbfont_family:Oswald%3A300%2Cregular%2C700|font_style:400%20regular%3A400%3Anormal\u00bb][vc_empty_space][vc_column_text 0=\u00bb\u00bb]<\/p>\n<p style=\"text-align: center;\"><span style=\"color: #ffffff;\">Trabajar con las comunidades locales y apoyarlas es fundamental porque est\u00e1s ayudando a que lo que te rodea se desarrolle y crezca, beneficiando a todos.<br \/>\n<\/span><\/p>\n<p>[\/vc_column_text][vc_empty_space][\/vc_column][\/vc_row][vc_row full_width=\u00bbstretch_row\u00bb parallax=\u00bbcontent-moving\u00bb css=\u00bb.vc_custom_1613153799191{margin-bottom: -1px !important;padding-top: 35px !important;padding-bottom: 45px !important;background-color: #bababa !important;}\u00bb][vc_column][vc_custom_heading text=\u00bbViva Resorts by Wyndham proporciona apoyo a trav\u00e9s de una gran cantidad de actividades:\u00bb font_container=\u00bbtag:h3|font_size:45|text_align:center|color:%23ffffff|line_height:1&#8243; google_fonts=\u00bbfont_family:Oswald%3A300%2Cregular%2C700|font_style:400%20regular%3A400%3Anormal\u00bb css=\u00bb\u00bb][vc_empty_space][vc_column_text 0=\u00bb\u00bb]<\/p>\n<ul>\n<li><span style=\"color: #ffffff;\">Comprar a productores y proveedores locales y responsables.<br \/>\n<\/span><\/li>\n<li><span style=\"color: #ffffff;\">Pavimentaci\u00f3n y limpieza de carreteras.<br \/>\n<\/span><\/li>\n<li><span style=\"color: #ffffff;\">Reconstrucci\u00f3n de escuelas.<br \/>\n<\/span><\/li>\n<li><span style=\"color: #ffffff;\">Patrocinio de equipos deportivos locales.<br \/>\n<\/span><\/li>\n<\/ul>\n<p>[\/vc_column_text][vc_empty_space][\/vc_column][\/vc_row][vc_row full_width=\u00bbstretch_row\u00bb css=\u00bb.vc_custom_1613152701213{background-color: #f7f7f7 !important;}\u00bb][vc_column][vc_empty_space][vc_column_text]A lo largo de los a\u00f1os, la compa\u00f1\u00eda ha sido merecedora de numerosos reconocimientos y premios por su estrategia verde, a lo largo de sus resorts por su compromiso social y aportaciones al desarrollo del sector, como es la primera certificaci\u00f3n Bandera Azul del continente americano, Placa Cristal, TripAdvisor, Holiday Check y Check Safety First, por nombrar algunos.[\/vc_column_text][vc_empty_space][vc_custom_heading text=\u00bbViva la responsabilidad social de Wyndham\u00bb font_container=\u00bbtag:h3|font_size:45|text_align:center|color:%23b2b2b2|line_height:1&#8243; google_fonts=\u00bbfont_family:Oswald%3A300%2Cregular%2C700|font_style:400%20regular%3A400%3Anormal\u00bb][vc_empty_space]<div id=\"ultimate-video-22776a01e5ef0c9c0\" class=\"ult-video  ult-adjust-bottom-margin ultimate-video-22776a01e5ef0c9c0 ultv-8137 \"><div class=\"ultv-video ultv-aspect-ratio-16_9 ultv-subscribe-responsive-none\" data-videotype=\"uv_iframe\">\n\t\t\t\t\t\t<div class=\"ultv-video__outer-wrap\" data-autoplay=\"0\" data-device=\"false\"  data-iconbg=\"#3A3A3A\" data-overcolor=\"\" data-defaultbg=\"#1f1f1e\" data-defaultplay=\"defaulticon\"><div class=\"ultv-video__play\" data-src=\"https:\/\/www.youtube.com\/embed\/kAEG2cep4Es?rel=0&#038;start&#038;end&#038;controls=1&#038;mute=0&#038;modestbranding=1&#038;autoplay=1\">\n\t\t\t\t\t\t\t\t<img class=\"ultv-video__thumb\" src=\"https:\/\/i.ytimg.com\/vi\/kAEG2cep4Es\/maxresdefault.jpg\"\/>\n\t\t\t\t\t\t\t\t<div class=\"ultv-video__play-icon  ultv-animation-none\" style=\"width:75px\"><svg height=\"100%\" version=\"1.1\" viewBox=\"0 0 68 48\" width=\"100%\"><path class=\"ultv-youtube-icon-bg\" d=\"m .66,37.62 c 0,0 .66,4.70 2.70,6.77 2.58,2.71 5.98,2.63 7.49,2.91 5.43,.52 23.10,.68 23.12,.68 .00,-1.3e-5 14.29,-0.02 23.81,-0.71 1.32,-0.15 4.22,-0.17 6.81,-2.89 2.03,-2.07 2.70,-6.77 2.70,-6.77 0,0 .67,-5.52 .67,-11.04 l 0,-5.17 c 0,-5.52 -0.67,-11.04 -0.67,-11.04 0,0 -0.66,-4.70 -2.70,-6.77 C 62.03,.86 59.13,.84 57.80,.69 48.28,0 34.00,0 34.00,0 33.97,0 19.69,0 10.18,.69 8.85,.84 5.95,.86 3.36,3.58 1.32,5.65 .66,10.35 .66,10.35 c 0,0 -0.55,4.50 -0.66,9.45 l 0,8.36 c .10,4.94 .66,9.45 .66,9.45 z\" fill=\"#1f1f1e\" ><\/path><path d=\"m 26.96,13.67 18.37,9.62 -18.37,9.55 -0.00,-19.17 z\" fill=\"#fff\"><\/path><path d=\"M 45.02,23.46 45.32,23.28 26.96,13.67 43.32,22.34 45.02,23.46 z\" fill=\"#ccc\"><\/path><\/svg><\/div> <\/div> <\/div><\/div><\/div>[\/vc_column][\/vc_row][vc_row bg_type=\u00bbimage\u00bb parallax_style=\u00bbvcpb-hz-jquery\u00bb bg_image_new=\u00bbid^1611|url^http:\/\/52.90.180.23\/wp-content\/uploads\/2016\/02\/bg-mem.png|caption^null|alt^null|title^bg-mem|description^null\u00bb bg_image_size=\u00bbinitial\u00bb parallax_sense=\u00bb40&#8243; bg_override=\u00bbex-full\u00bb type=\u00bbvc_default\u00bb css=\u00bb.vc_custom_1563374384013{padding-top: 70px !important;padding-bottom: 75px !important;background-color: #1c66a0 !important;}\u00bb][vc_column width=\u00bb5\/6&#8243; offset=\u00bbvc_col-lg-offset-2 vc_col-lg-8 vc_col-md-offset-1 vc_col-md-10 vc_col-sm-offset-1&#8243;]<div id=\"ultimate-heading-83826a01e5ef0ca7c\" class=\"uvc-heading ult-adjust-bottom-margin ultimate-heading-83826a01e5ef0ca7c uvc-1268 \" data-hspacer=\"no_spacer\"  data-halign=\"center\" style=\"text-align:center\"><div class=\"uvc-heading-spacer no_spacer\" style=\"top\"><\/div><div class=\"uvc-main-heading ult-responsive\"  data-ultimate-target='.uvc-heading.ultimate-heading-83826a01e5ef0ca7c h2'  data-responsive-json-new='{\"font-size\":\"desktop:24px;\",\"line-height\":\"desktop:34px;\"}' ><h2 style=\"font-weight:bold;color:#ec7834;margin-bottom:20px;\">Viva Resorts by Wyndham <\/h2><\/div><div class=\"uvc-sub-heading ult-responsive\"  data-ultimate-target='.uvc-heading.ultimate-heading-83826a01e5ef0ca7c .uvc-sub-heading '  data-responsive-json-new='{\"font-size\":\"desktop:60px;mobile_landscape:44px;\",\"line-height\":\"desktop:70px;mobile_landscape:54px;\"}'  style=\"font-family:&#039;Roboto Condensed&#039;;font-weight:bold;color:#ffffff;margin-bottom:40px;\">\u00bfLe gustar\u00eda formar parte de nuestra organizaci\u00f3n? Si es as\u00ed&#8230;<\/div><\/div><div class=\" vc_custom_1681760313068 ubtn-ctn-center \"><a class=\"ubtn-link ult-adjust-bottom-margin ubtn-center ubtn-large \" href=\"\/jobs\/\" ><button type=\"button\" id=\"ubtn-3916\"  class=\"ubtn ult-adjust-bottom-margin ult-responsive ubtn-large ubtn-no-hover-bg  none  ubtn-center   tooltip-6a01e5ef0cab4\"  data-hover=\"#ec7834\" data-border-color=\"\" data-bg=\"#ffffff\" data-hover-bg=\"#ffffff\" data-border-hover=\"\" data-shadow-hover=\"\" data-shadow-click=\"none\" data-shadow=\"\" data-shd-shadow=\"\"  data-ultimate-target='#ubtn-3916'  data-responsive-json-new='{\"font-size\":\"desktop:24px;\",\"line-height\":\"desktop:34px;\"}'  style=\"font-family:&#039;Roboto Condensed&#039;;font-weight:bold;border:none;background: #ffffff;color: #1c66a0;\"><span class=\"ubtn-hover\" style=\"background-color:#ffffff\"><\/span><span class=\"ubtn-data ubtn-text \" >Solicite ahora<\/span><\/button><\/a><\/div>[\/vc_column][\/vc_row]<\/p>\n<\/div>","protected":false},"excerpt":{"rendered":"<p>[vc_row full_width=\u00bbstretch_row\u00bb gap=\u00bb20&#8243; css_animation=\u00bbnone\u00bb css=\u00bb.vc_custom_1682276087610{margin-top: 50px !important;}\u00bb][vc_column width=\u00bb1\/4&#8243;][vc_single_image image=\u00bb11427&#8243; img_size=\u00bbfull\u00bb style=\u00bbvc_box_circle_2&#8243;][\/vc_column][vc_column width=\u00bb3\/4&#8243;][vc_custom_heading text=\u00bbViva #OnLife\u00bb font_container=\u00bbtag:h4|font_size:40|text_align:left|color:%23b2b2b2|line_height:2&#8243; google_fonts=\u00bbfont_family:Oswald%3A300%2Cregular%2C700|font_style:400%20regular%3A400%3Anormal\u00bb][vc_column_text 0=\u00bb\u00bb css=\u00bb\u00bb]Como parte de la pasi\u00f3n por la vida de Viva Resorts by Wyndham , se esfuerza por proteger todos los entornos y culturas circundantes aplicando programas ecol\u00f3gicos respetuosos con el medio ambiente. El programa #OnLife est\u00e1 impulsado por&hellip;<\/p>\n","protected":false},"author":1,"featured_media":0,"parent":0,"menu_order":30,"comment_status":"closed","ping_status":"closed","template":"","meta":[],"_links":{"self":[{"href":"https:\/\/vivajobs.net\/es\/wp-json\/wp\/v2\/pages\/11644"}],"collection":[{"href":"https:\/\/vivajobs.net\/es\/wp-json\/wp\/v2\/pages"}],"about":[{"href":"https:\/\/vivajobs.net\/es\/wp-json\/wp\/v2\/types\/page"}],"author":[{"embeddable":true,"href":"https:\/\/vivajobs.net\/es\/wp-json\/wp\/v2\/users\/1"}],"replies":[{"embeddable":true,"href":"https:\/\/vivajobs.net\/es\/wp-json\/wp\/v2\/comments?post=11644"}],"version-history":[{"count":8,"href":"https:\/\/vivajobs.net\/es\/wp-json\/wp\/v2\/pages\/11644\/revisions"}],"predecessor-version":[{"id":13161,"href":"https:\/\/vivajobs.net\/es\/wp-json\/wp\/v2\/pages\/11644\/revisions\/13161"}],"wp:attachment":[{"href":"https:\/\/vivajobs.net\/es\/wp-json\/wp\/v2\/media?parent=11644"}],"curies":[{"name":"wp","href":"https:\/\/api.w.org\/{rel}","templated":true}]}}